{"id":6802,"date":"2025-12-14T17:36:01","date_gmt":"2025-12-14T16:36:01","guid":{"rendered":"https:\/\/www.bsv-eppinghoven.de\/v2\/?page_id=6802"},"modified":"2026-02-09T16:34:25","modified_gmt":"2026-02-09T15:34:25","slug":"vereinsheim-anmietung","status":"publish","type":"page","link":"https:\/\/www.bsv-eppinghoven.de\/v2\/vereinsheim-anmietung\/","title":{"rendered":"Vereinsheim Anmietung"},"content":{"rendered":"\n<p>Unser Vereinsheim in Eppinghoven bietet den passenden Rahmen f\u00fcr Feiern, Veranstaltungen und private Anl\u00e4sse. Die R\u00e4umlichkeiten und die WC-Anlagen wurden Ende 2025 umfassend renoviert und befinden sich in einem sehr guten, neuwertigen Zustand. <\/p>\n\n\n\n<figure class=\"wp-block-image size-large\"><img decoding=\"async\" src=\"https:\/\/www.bsv-eppinghoven.de\/v2\/wp-content\/gallery\/homepage\/01.JPG\" alt=\"\"\/><\/figure>\n\n\n\n<p>Auf dieser Seite stellen wir Ihnen alle relevanten Unterlagen rund um die Anmietung unseres Vereinsheims zur Verf\u00fcgung. <\/p>\n\n\n\n<p>Bitte nehmen Sie sich vor einer Anfrage die Zeit, die Dokumente sorgf\u00e4ltig durchzulesen. Bei Fragen oder Unklarheiten stehen wir Ihnen selbstverst\u00e4ndlich gerne zur Verf\u00fcgung.<\/p>\n\n\n\n<p><strong>Downloads<\/strong> (Stand 12\/2025):<\/p>\n\n\n\n<ul>\n<li><a href=\"https:\/\/bsv-eppinghoven.de\/v2\/wp-content\/docs\/Reservierungsanfrage.pdf\" target=\"_blank\" rel=\"noreferrer noopener\">Reservierungsanfrage<\/a><\/li>\n\n\n\n<li><a href=\"https:\/\/bsv-eppinghoven.de\/v2\/wp-content\/docs\/Nutzungsbedingungen.pdf\" target=\"_blank\" rel=\"noreferrer noopener\">Nutzungsbedingungen<\/a><\/li>\n\n\n\n<li><a rel=\"noreferrer noopener\" href=\"https:\/\/bsv-eppinghoven.de\/v2\/wp-content\/docs\/Getr\u00e4nkepreisliste Vermietung.pdf\" target=\"_blank\">Getr\u00e4nkepreisliste Vermietung<\/a><\/li>\n<\/ul>\n\n\n\n<p><\/p>\n\n\n\n<p>Bitte senden Sie Ihre ausgef\u00fcllte Reservierungsanfrage per E-Mail an<\/p>\n\n\n\n<p><a rel=\"noreferrer noopener\" href=\"mailto:info@bsv-eppinghoven.de\" target=\"_blank\">info@bsv-eppinghoven.de<\/a>.<\/p>\n\n\n\n<p><br>F\u00fcr R\u00fcckfragen stehen wir Ihnen unter dieser Adresse ebenfalls gerne zur Verf\u00fcgung.<\/p>\n\n\n\n<p>Wir freuen uns auf Ihre Anfrage!<\/p>\n","protected":false},"excerpt":{"rendered":"<p>Unser Vereinsheim in Eppinghoven bietet den passenden Rahmen f\u00fcr Feiern, Veranstaltungen und private Anl\u00e4sse. Die R\u00e4umlichkeiten und die WC-Anlagen wurden Ende 2025 umfassend renoviert und befinden sich in einem sehr guten, neuwertigen Zustand. Auf dieser Seite stellen wir Ihnen alle relevanten Unterlagen rund um die Anmietung unseres Vereinsheims zur Verf\u00fcgung. Bitte nehmen Sie sich vor [&hellip;]<\/p>\n","protected":false},"author":601,"featured_media":0,"parent":0,"menu_order":0,"comment_status":"closed","ping_status":"closed","template":"","meta":[],"_links":{"self":[{"href":"https:\/\/www.bsv-eppinghoven.de\/v2\/wp-json\/wp\/v2\/pages\/6802"}],"collection":[{"href":"https:\/\/www.bsv-eppinghoven.de\/v2\/wp-json\/wp\/v2\/pages"}],"about":[{"href":"https:\/\/www.bsv-eppinghoven.de\/v2\/wp-json\/wp\/v2\/types\/page"}],"author":[{"embeddable":true,"href":"https:\/\/www.bsv-eppinghoven.de\/v2\/wp-json\/wp\/v2\/users\/601"}],"replies":[{"embeddable":true,"href":"https:\/\/www.bsv-eppinghoven.de\/v2\/wp-json\/wp\/v2\/comments?post=6802"}],"version-history":[{"count":12,"href":"https:\/\/www.bsv-eppinghoven.de\/v2\/wp-json\/wp\/v2\/pages\/6802\/revisions"}],"predecessor-version":[{"id":6822,"href":"https:\/\/www.bsv-eppinghoven.de\/v2\/wp-json\/wp\/v2\/pages\/6802\/revisions\/6822"}],"wp:attachment":[{"href":"https:\/\/www.bsv-eppinghoven.de\/v2\/wp-json\/wp\/v2\/media?parent=6802"}],"curies":[{"name":"wp","href":"https:\/\/api.w.org\/{rel}","templated":true}]}}