{"id":6777,"date":"2025-10-13T16:52:32","date_gmt":"2025-10-13T14:52:32","guid":{"rendered":"https:\/\/www.bsv-eppinghoven.de\/v2\/?page_id=6777"},"modified":"2025-11-14T19:55:57","modified_gmt":"2025-11-14T18:55:57","slug":"schuetzenkurier-2026","status":"publish","type":"page","link":"https:\/\/www.bsv-eppinghoven.de\/v2\/schuetzen-und-volksfest-2026\/schuetzenkurier-2026\/","title":{"rendered":"Sch\u00fctzenkurier 2026"},"content":{"rendered":"\n<h2 class=\"wp-block-heading\"><strong>Sch\u00fctzenkurier 2026 \u2013 Wir suchen neue Inserenten!<\/strong><\/h2>\n\n\n\n<p>Im kommenden Jahr ist es wieder soweit: Unser Sch\u00fctzenfest steht vor der T\u00fcr \u2013 und damit erscheint auch die neue Ausgabe unseres Sch\u00fctzenkuriers!<br>Das Vereinsmagazin bietet nicht nur spannende Einblicke und R\u00fcckblicke auf ein ereignisreiches Jahr, sondern ist zugleich eine wichtige St\u00fctze f\u00fcr die Finanzierung unseres Vereinslebens.<\/p>\n\n\n\n<p>Ein gro\u00dfer Teil dieser Finanzierung entsteht durch Anzeigen unserer Inserenten. Deshalb sind wir auf der Suche nach neuen Partnern, die uns mit einer Anzeige im Sch\u00fctzenkurier unterst\u00fctzen m\u00f6chten.<\/p>\n\n\n\n<h3 class=\"wp-block-heading\"><strong>Gute Gr\u00fcnde f\u00fcr eine Anzeige im Sch\u00fctzenkurier<\/strong><\/h3>\n\n\n\n<ul>\n<li>\u00dcber 400 Mitglieder \u2013 Tendenz steigend<\/li>\n\n\n\n<li>Engagierte Jugendarbeit im Bogen- und Sch\u00fctzensport<\/li>\n\n\n\n<li>Erfolgreiche Sportler:\n<ul>\n<li>Weltmeistertitel in der Bogenklasse U21 (Compoundbogen)<\/li>\n\n\n\n<li>Weltmeistertitel bei der World Bowhunter Championship (Veteranenklasse)<\/li>\n\n\n\n<li>Erfolgreiche Nachwuchssch\u00fctzen bei Landesmeisterschaften<\/li>\n<\/ul>\n<\/li>\n\n\n\n<li>Fester Bestandteil des Ortsleben<strong>s<\/strong> in Eppinghoven<\/li>\n\n\n\n<li>Hohe Reichweite: Auflage von rund 1.000 Exemplaren<\/li>\n\n\n\n<li>Bereits \u00fcber 80 Inserenten aus dem Raum Dinslaken sind dabei<\/li>\n<\/ul>\n\n\n\n<p>Ob Handwerksbetrieb, Restaurant, Dienstleister oder Einzelh\u00e4ndler \u2013 jede Anzeige hilft, unsere Vereinsarbeit lebendig zu halten und das Sch\u00fctzenfest auch in Zukunft erfolgreich zu gestalten.<\/p>\n\n\n\n<h3 class=\"wp-block-heading\"><strong>So einfach geht\u2019s<\/strong><\/h3>\n\n\n\n<p>Das Formular zur Anzeigenbuchung inklusive Preisliste findet ihr hier:<br>\ud83d\udc49 <a href=\"https:\/\/bsv-eppinghoven.de\/v2\/wp-content\/docs\/Werbeanzeige2026_BSVEppinghoven.pdf\">Werbeanzeige 2026 \u2013 BSV Eppinghoven (PDF)<\/a><\/p>\n\n\n\n<p>Bei Fragen oder zur Vermittlung eines Kontakts wendet euch gerne an den Vorstand:<br>\ud83d\udce7 <strong><a>info@bsv-eppinghoven.de<\/a><\/strong><\/p>\n\n\n\n<hr class=\"wp-block-separator has-alpha-channel-opacity\"\/>\n","protected":false},"excerpt":{"rendered":"<p>Sch\u00fctzenkurier 2026 \u2013 Wir suchen neue Inserenten! Im kommenden Jahr ist es wieder soweit: Unser Sch\u00fctzenfest steht vor der T\u00fcr \u2013 und damit erscheint auch die neue Ausgabe unseres Sch\u00fctzenkuriers!Das Vereinsmagazin bietet nicht nur spannende Einblicke und R\u00fcckblicke auf ein ereignisreiches Jahr, sondern ist zugleich eine wichtige St\u00fctze f\u00fcr die Finanzierung unseres Vereinslebens. Ein gro\u00dfer [&hellip;]<\/p>\n","protected":false},"author":601,"featured_media":0,"parent":6700,"menu_order":0,"comment_status":"closed","ping_status":"closed","template":"","meta":[],"_links":{"self":[{"href":"https:\/\/www.bsv-eppinghoven.de\/v2\/wp-json\/wp\/v2\/pages\/6777"}],"collection":[{"href":"https:\/\/www.bsv-eppinghoven.de\/v2\/wp-json\/wp\/v2\/pages"}],"about":[{"href":"https:\/\/www.bsv-eppinghoven.de\/v2\/wp-json\/wp\/v2\/types\/page"}],"author":[{"embeddable":true,"href":"https:\/\/www.bsv-eppinghoven.de\/v2\/wp-json\/wp\/v2\/users\/601"}],"replies":[{"embeddable":true,"href":"https:\/\/www.bsv-eppinghoven.de\/v2\/wp-json\/wp\/v2\/comments?post=6777"}],"version-history":[{"count":2,"href":"https:\/\/www.bsv-eppinghoven.de\/v2\/wp-json\/wp\/v2\/pages\/6777\/revisions"}],"predecessor-version":[{"id":6779,"href":"https:\/\/www.bsv-eppinghoven.de\/v2\/wp-json\/wp\/v2\/pages\/6777\/revisions\/6779"}],"up":[{"embeddable":true,"href":"https:\/\/www.bsv-eppinghoven.de\/v2\/wp-json\/wp\/v2\/pages\/6700"}],"wp:attachment":[{"href":"https:\/\/www.bsv-eppinghoven.de\/v2\/wp-json\/wp\/v2\/media?parent=6777"}],"curies":[{"name":"wp","href":"https:\/\/api.w.org\/{rel}","templated":true}]}}