{"id":151,"date":"2016-12-09T17:37:11","date_gmt":"2016-12-09T16:37:11","guid":{"rendered":"http:\/\/www.bsv-eppinghoven.de\/v2\/?page_id=151"},"modified":"2025-10-13T16:01:26","modified_gmt":"2025-10-13T14:01:26","slug":"downloads","status":"publish","type":"page","link":"https:\/\/www.bsv-eppinghoven.de\/v2\/downloads\/","title":{"rendered":"Downloads"},"content":{"rendered":"<p>Hier finden Sie eine Reihe von interessanten Dokumenten, die wir f\u00fcr Sie zum Download im PDF-Format bereitstellen.<\/p>\n<p><strong>Satzung des BSV Eppinghoven 1743 e.V. in der aktuell g\u00fcltigen Fassung:<\/strong><\/p>\n<ul>\n<li><a href=\"http:\/\/www.bsv-eppinghoven.de\/v2\/wp-content\/docs\/2020.01.26-BSV-Satzung.pdf\" target=\"_blank\" rel=\"noopener noreferrer\">Satzung vom 26.01.2020<\/a><\/li>\n<\/ul>\n<p><strong>Mitgliedsantrag:<\/strong><\/p>\n<ul>\n<li><a href=\"https:\/\/bsv-eppinghoven.de\/v2\/wp-content\/docs\/2025Beitrittserkl\u00e4rung.pdf\" target=\"_blank\" rel=\"noopener noreferrer\">Beitrittserkl\u00e4rung BSV Eppinghoven (02\/2025)<\/a><\/li>\n<li><a href=\"http:\/\/www.bsv-eppinghoven.de\/v2\/wp-content\/docs\/2021.10-Beitragsordnung.pdf\" target=\"_blank\" rel=\"noopener noreferrer\">Beitragsordnung des BSV Eppinghoven<\/a><\/li>\n<\/ul>\n<p><strong>Datenschutz beim BSV Eppinghoven in der aktuell g\u00fcltigen Fassung<\/strong>:<\/p>\n<ul>\n<li><a href=\"http:\/\/www.bsv-eppinghoven.de\/v2\/wp-content\/docs\/2018.01-Datenschutzklausel_final.pdf\" target=\"_blank\" rel=\"noopener noreferrer\">Datenschutzklausel des BSV<\/a><\/li>\n<\/ul>\n<p><strong>Werbung im Sch\u00fctzenkurier:<\/strong><\/p>\n<ul>\n<li><a href=\"https:\/\/bsv-eppinghoven.de\/v2\/wp-content\/docs\/Werbeanzeige2026_BSVEppinghoven.pdf\">Beauftragung Werbung im BSV Sch\u00fctzenkurier 2026<\/a><\/li>\n<\/ul>\n","protected":false},"excerpt":{"rendered":"<p>Hier finden Sie eine Reihe von interessanten Dokumenten, die wir f\u00fcr Sie zum Download im PDF-Format bereitstellen. Satzung des BSV Eppinghoven 1743 e.V. in der aktuell g\u00fcltigen Fassung: Satzung vom 26.01.2020 Mitgliedsantrag: Beitrittserkl\u00e4rung BSV Eppinghoven (02\/2025) Beitragsordnung des BSV Eppinghoven Datenschutz beim BSV Eppinghoven in der aktuell g\u00fcltigen Fassung: Datenschutzklausel des BSV Werbung im Sch\u00fctzenkurier: [&hellip;]<\/p>\n","protected":false},"author":1,"featured_media":0,"parent":0,"menu_order":3,"comment_status":"closed","ping_status":"closed","template":"","meta":[],"_links":{"self":[{"href":"https:\/\/www.bsv-eppinghoven.de\/v2\/wp-json\/wp\/v2\/pages\/151"}],"collection":[{"href":"https:\/\/www.bsv-eppinghoven.de\/v2\/wp-json\/wp\/v2\/pages"}],"about":[{"href":"https:\/\/www.bsv-eppinghoven.de\/v2\/wp-json\/wp\/v2\/types\/page"}],"author":[{"embeddable":true,"href":"https:\/\/www.bsv-eppinghoven.de\/v2\/wp-json\/wp\/v2\/users\/1"}],"replies":[{"embeddable":true,"href":"https:\/\/www.bsv-eppinghoven.de\/v2\/wp-json\/wp\/v2\/comments?post=151"}],"version-history":[{"count":80,"href":"https:\/\/www.bsv-eppinghoven.de\/v2\/wp-json\/wp\/v2\/pages\/151\/revisions"}],"predecessor-version":[{"id":6776,"href":"https:\/\/www.bsv-eppinghoven.de\/v2\/wp-json\/wp\/v2\/pages\/151\/revisions\/6776"}],"wp:attachment":[{"href":"https:\/\/www.bsv-eppinghoven.de\/v2\/wp-json\/wp\/v2\/media?parent=151"}],"curies":[{"name":"wp","href":"https:\/\/api.w.org\/{rel}","templated":true}]}}