{"id":13,"date":"2016-12-06T10:49:28","date_gmt":"2016-12-06T09:49:28","guid":{"rendered":"http:\/\/www.bsv-eppinghoven.de\/v2\/?page_id=13"},"modified":"2019-09-24T09:26:34","modified_gmt":"2019-09-24T07:26:34","slug":"willkommen","status":"publish","type":"page","link":"https:\/\/www.bsv-eppinghoven.de\/v2\/","title":{"rendered":"Willkommen"},"content":{"rendered":"<p style=\"text-align: justify;\">Wir hei\u00dfen Sie und Euch \u201eHerzlich Willkommen\u201c auf unserer Homepage.<br \/>\nBereits seit dem 1.Mai 2002 ist der BSV Eppinghoven 1743 e.V. schon online. Unser\u00a0 Ziel ist es aktuell zu sein, aber ohne dem Anspruch vieler\u00a0 soziale Netzwerke zu folgen, im Sekunden oder Minutentakt was \u201eNEUES\u201c einzustellen oder zu posten.<\/p>\n<p><img decoding=\"async\" loading=\"lazy\" class=\"aligncenter size-large wp-image-2533\" src=\"http:\/\/www.bsv-eppinghoven.de\/v2\/wp-content\/uploads\/2016\/12\/IMG_5180-1-1024x317.jpg\" alt=\"\" width=\"640\" height=\"198\" srcset=\"https:\/\/www.bsv-eppinghoven.de\/v2\/wp-content\/uploads\/2016\/12\/IMG_5180-1-1024x317.jpg 1024w, https:\/\/www.bsv-eppinghoven.de\/v2\/wp-content\/uploads\/2016\/12\/IMG_5180-1-300x93.jpg 300w, https:\/\/www.bsv-eppinghoven.de\/v2\/wp-content\/uploads\/2016\/12\/IMG_5180-1-768x237.jpg 768w, https:\/\/www.bsv-eppinghoven.de\/v2\/wp-content\/uploads\/2016\/12\/IMG_5180-1-380x117.jpg 380w\" sizes=\"(max-width: 640px) 100vw, 640px\" \/><\/p>\n<p style=\"text-align: justify;\">In kompakter Form m\u00f6chten wir wesentliche Informationen zu und \u00fcber uns hier zur Verf\u00fcgung stellen. Gleichzeitig dazu einladen, nicht nur \u00fcber uns zu lesen, sondern uns pers\u00f6nlich zu besuchen und dabei einander kennenzulernen.<\/p>\n<p style=\"text-align: justify;\">Als &#8220;neuen&#8221; Service im Zuge unseres Redesigns haben wir uns aus Datenschutzgr\u00fcnden einen Mitgliederbereich geschaffen, in dem Wettkampfergebnisse, interne Informationen, sowie Fotos unserer Veranstaltungen einzusehen sind. Hierzu ist es allerdings erforderlich sich mit vollst\u00e4ndigem Namen registrieren zu lassen, um im Anschluss Zugriff aus diesen Bereich zu erhalten.<\/p>\n<p style=\"text-align: justify;\">Was immer Sie \u00fcber unseren Verein erfahren m\u00f6chten, ob es die Historie ist, die diversen Schie\u00dfsportarten die wir anbieten, das Vereinsheim das wir hin und wieder zur Vermietung zur Verf\u00fcgung stellen, oder die unterschiedlichen Ansprechpartner um mit uns in Kontakt zu treten\u00a0 und vieles mehr, Sie k\u00f6nnen es hier beim surfen finden \u2013 was fehlt\u00a0 d\u00fcrfen Sie gerne erfragen.\u00a0 Nur MUT!<\/p>\n<p style=\"text-align: justify;\">Unterst\u00fctzen Sie die Betreuer dieser Homepage, stellen Sie gerne Infos, Texte und Bilder zur Verf\u00fcgung. Auch Ihre und Eure Beitr\u00e4ge sind mit Garanten, dass es diese Seiten nicht nur gibt, sondern sie auch leben und weiter optimiert werden k\u00f6nnen. Manches wird zudem in der j\u00e4hrlichen gedruckten kostenlosen Festschrift erscheinen.<\/p>\n<p style=\"text-align: justify;\">Viel\u00a0 Spa\u00df beim Lesen und Erkunden unserer Homepage w\u00fcnscht Ihnen\u00a0der gesch\u00e4ftsf\u00fchrende Vorstand des BSV Eppinghoven 1743 e.V..<\/p>\n<p style=\"text-align: justify;\">\n","protected":false},"excerpt":{"rendered":"<p>Wir hei\u00dfen Sie und Euch \u201eHerzlich Willkommen\u201c auf unserer Homepage. Bereits seit dem 1.Mai 2002 ist der BSV Eppinghoven 1743 e.V. schon online. Unser\u00a0 Ziel ist es aktuell zu sein, aber ohne dem Anspruch vieler\u00a0 soziale Netzwerke zu folgen, im Sekunden oder Minutentakt was \u201eNEUES\u201c einzustellen oder zu posten. In kompakter Form m\u00f6chten wir wesentliche [&hellip;]<\/p>\n","protected":false},"author":1,"featured_media":0,"parent":0,"menu_order":0,"comment_status":"closed","ping_status":"closed","template":"","meta":[],"_links":{"self":[{"href":"https:\/\/www.bsv-eppinghoven.de\/v2\/wp-json\/wp\/v2\/pages\/13"}],"collection":[{"href":"https:\/\/www.bsv-eppinghoven.de\/v2\/wp-json\/wp\/v2\/pages"}],"about":[{"href":"https:\/\/www.bsv-eppinghoven.de\/v2\/wp-json\/wp\/v2\/types\/page"}],"author":[{"embeddable":true,"href":"https:\/\/www.bsv-eppinghoven.de\/v2\/wp-json\/wp\/v2\/users\/1"}],"replies":[{"embeddable":true,"href":"https:\/\/www.bsv-eppinghoven.de\/v2\/wp-json\/wp\/v2\/comments?post=13"}],"version-history":[{"count":18,"href":"https:\/\/www.bsv-eppinghoven.de\/v2\/wp-json\/wp\/v2\/pages\/13\/revisions"}],"predecessor-version":[{"id":4843,"href":"https:\/\/www.bsv-eppinghoven.de\/v2\/wp-json\/wp\/v2\/pages\/13\/revisions\/4843"}],"wp:attachment":[{"href":"https:\/\/www.bsv-eppinghoven.de\/v2\/wp-json\/wp\/v2\/media?parent=13"}],"curies":[{"name":"wp","href":"https:\/\/api.w.org\/{rel}","templated":true}]}}