{"id":109,"date":"2016-12-07T18:37:39","date_gmt":"2016-12-07T17:37:39","guid":{"rendered":"http:\/\/www.bsv-eppinghoven.de\/v2\/?page_id=109"},"modified":"2026-03-12T17:22:04","modified_gmt":"2026-03-12T16:22:04","slug":"bogensport","status":"publish","type":"page","link":"https:\/\/www.bsv-eppinghoven.de\/v2\/der-bsv-eppinghoven-1743-e-v\/schiesssport\/bogensport\/","title":{"rendered":"Bogen"},"content":{"rendered":"<p><strong>Bogensport beim BSV Eppinghoven<\/strong><\/p>\n<p>Der Bogensport ist eine Sportart f\u00fcr die ganze Familie und erfreut sich immer gr\u00f6\u00dferer Beliebtheit. Sie bietet aber nicht nur\u00a0 Bewegung, sondern auch mentales Training und schafft so einen Ruhepol zu unserem hektischen Alltag, sei es Beruf, Haushalt oder Schule. Dazu werden Ausdauer, Konzentrationsf\u00e4higkeit, innere Ruhe und Ausgeglichenheit trainiert. Geschicklichkeit und Konzentration sind hierbei weitaus wichtiger als \u00fcberm\u00e4\u00dfige Kraft.<\/p>\n<p>Somit ist Bogenschie\u00dfen ein idealer Ausgleichssport, der nun bereits seit 2012 bei uns im BSV Eppinghoven ganzj\u00e4hrig\u00a0 ausge\u00fcbt wird. Im Winterhalbjahr wird in der Halle und im Sommerhalbjahr im Freien trainiert. Zurzeit sind bei uns die\u00a0 folgenden Disziplinen vertreten:<\/p>\n<ul>\n<li>Recurvebogen (olympischer Bogen)<\/li>\n<li>Blankbogen<\/li>\n<li>Langbogen und<\/li>\n<li>Compoundbogen<\/li>\n<\/ul>\n<p>Neben dem reinen Freizeitsport Bogenschie\u00dfen gibt es nat\u00fcrlich auch den turnierorientierten Bogensport. Mit dem Wechsel zwischen Hallen- und Au\u00dfensaison ver\u00e4ndern sich auch die Wettkampfbedingungen wie nachstehend beschrieben.<\/p>\n<p>Bogensport im Freien:<br \/>\nIm Freien werden von April bis September 4 Entfernungen mit jeweils 36 Pfeilen geschossen. Differenziert nach den\u00a0 Altersklassen und Bogenart betragen die Entfernungen 90m, 70m, 50m und 30m. Auf unserer Anlage sind jedoch nur max. 70m m\u00f6glich.<\/p>\n<p style=\"text-align: left;\">Bogensport in der Halle:<br \/>\nIn den Wintermonaten, die den Bogensport im Freien aus Witterungsgr\u00fcnden nicht zulassen, wird in Sporthallen trainiert.\u00a0 Dort werden insgesamt 60 Pfeile auf 18m geschossen. Auch hier wird nach Altersklassen, Geschlecht und Bogenart\u00a0 unterschieden.<\/p>\n<p style=\"text-align: center;\"><img decoding=\"async\" loading=\"lazy\" class=\"aligncenter wp-image-1573\" src=\"http:\/\/www.bsv-eppinghoven.de\/v2\/wp-content\/uploads\/2016\/12\/bogen_indoor_bm-300x166.jpg\" alt=\"Bogenschie\u00dfen in der Halle\" width=\"399\" height=\"221\" srcset=\"https:\/\/www.bsv-eppinghoven.de\/v2\/wp-content\/uploads\/2016\/12\/bogen_indoor_bm-300x166.jpg 300w, https:\/\/www.bsv-eppinghoven.de\/v2\/wp-content\/uploads\/2016\/12\/bogen_indoor_bm-768x426.jpg 768w, https:\/\/www.bsv-eppinghoven.de\/v2\/wp-content\/uploads\/2016\/12\/bogen_indoor_bm-1024x568.jpg 1024w, https:\/\/www.bsv-eppinghoven.de\/v2\/wp-content\/uploads\/2016\/12\/bogen_indoor_bm-380x211.jpg 380w, https:\/\/www.bsv-eppinghoven.de\/v2\/wp-content\/uploads\/2016\/12\/bogen_indoor_bm.jpg 1152w\" sizes=\"(max-width: 399px) 100vw, 399px\" \/><strong>Interesse ???<\/strong><\/p>\n<p style=\"text-align: center;\"><span style=\"color: #cc99ff;\">Neu!! <\/span><\/p>\n<p style=\"text-align: center;\"><span style=\"color: #cc99ff;\">Wir bieten diesen Sommer Schnupperkurse an, die Mittwochs von 17.30 &#8211; 19.30 Uhr<br \/>\nstattfinden und \u00fcber 3 Wochen gehen.<\/span><\/p>\n<p style=\"text-align: center;\"><span style=\"color: #cc99ff;\">Juni: 03.06. \/ 10.06. \/ 17.06.<\/span><br \/>\n<span style=\"color: #cc99ff;\">Juli: 01.07. \/ 08.07. \/ 15.07.<\/span><br \/>\n<span style=\"color: #cc99ff;\">August: 05.08. \/ 12.08. \/ 19.08.<\/span><\/p>\n<p style=\"text-align: left;\">Anmeldungen sind m\u00f6glich ab 9 Jahren.<br \/>\nDie Geb\u00fchr f\u00fcr Kinder bis einschlie\u00dflich 14 Jahren betr\u00e4gt 30 Euro, f\u00fcr Erwachsene ab 15 Jahren 60 Euro.<br \/>\nDie Ausr\u00fcstung wird selbstverst\u00e4ndlich von uns gestellt, damit Ihr das Bogenschie\u00dfen in Ruhe ausprobieren k\u00f6nnt.<br \/>\nEine Anmeldung erfolgt bitte bei Harald Polke, gerne telefonisch oder per E-Mail.<br \/>\nBei einer E-Mail bitte Euer Alter, Eure Telefonnummer und E-Mail-Adresse angeben, nat\u00fcrlich den Wunschtermin und einen evt. Ausweichtermin.<\/p>\n<p style=\"text-align: left;\">\n<p style=\"text-align: left;\"><strong>Harald Polke:\u00a0 <a href=\"mailto:bogensport@bsv-eppinghoven.de\">bogensport@bsv-eppinghoven.de<\/a><br \/>\n<\/strong><\/p>\n<p>Telefon: 0162 \/ 5461402<\/p>\n","protected":false},"excerpt":{"rendered":"<p>Bogensport beim BSV Eppinghoven Der Bogensport ist eine Sportart f\u00fcr die ganze Familie und erfreut sich immer gr\u00f6\u00dferer Beliebtheit. Sie bietet aber nicht nur\u00a0 Bewegung, sondern auch mentales Training und schafft so einen Ruhepol zu unserem hektischen Alltag, sei es Beruf, Haushalt oder Schule. Dazu werden Ausdauer, Konzentrationsf\u00e4higkeit, innere Ruhe und Ausgeglichenheit trainiert. Geschicklichkeit und [&hellip;]<\/p>\n","protected":false},"author":1,"featured_media":1566,"parent":22,"menu_order":1,"comment_status":"closed","ping_status":"closed","template":"","meta":[],"_links":{"self":[{"href":"https:\/\/www.bsv-eppinghoven.de\/v2\/wp-json\/wp\/v2\/pages\/109"}],"collection":[{"href":"https:\/\/www.bsv-eppinghoven.de\/v2\/wp-json\/wp\/v2\/pages"}],"about":[{"href":"https:\/\/www.bsv-eppinghoven.de\/v2\/wp-json\/wp\/v2\/types\/page"}],"author":[{"embeddable":true,"href":"https:\/\/www.bsv-eppinghoven.de\/v2\/wp-json\/wp\/v2\/users\/1"}],"replies":[{"embeddable":true,"href":"https:\/\/www.bsv-eppinghoven.de\/v2\/wp-json\/wp\/v2\/comments?post=109"}],"version-history":[{"count":21,"href":"https:\/\/www.bsv-eppinghoven.de\/v2\/wp-json\/wp\/v2\/pages\/109\/revisions"}],"predecessor-version":[{"id":6872,"href":"https:\/\/www.bsv-eppinghoven.de\/v2\/wp-json\/wp\/v2\/pages\/109\/revisions\/6872"}],"up":[{"embeddable":true,"href":"https:\/\/www.bsv-eppinghoven.de\/v2\/wp-json\/wp\/v2\/pages\/22"}],"wp:featuredmedia":[{"embeddable":true,"href":"https:\/\/www.bsv-eppinghoven.de\/v2\/wp-json\/wp\/v2\/media\/1566"}],"wp:attachment":[{"href":"https:\/\/www.bsv-eppinghoven.de\/v2\/wp-json\/wp\/v2\/media?parent=109"}],"curies":[{"name":"wp","href":"https:\/\/api.w.org\/{rel}","templated":true}]}}